{"id":85,"date":"2015-10-24T06:40:43","date_gmt":"2015-10-24T04:40:43","guid":{"rendered":"http:\/\/jugendbegegnung.de\/terezin\/?page_id=85"},"modified":"2026-01-20T10:49:19","modified_gmt":"2026-01-20T09:49:19","slug":"ausstellungen","status":"publish","type":"page","link":"https:\/\/jugendbegegnung.de\/terezin\/ausstellungen\/","title":{"rendered":"Ausstellungen"},"content":{"rendered":"<p><em>Wichtig: Alle aufgef\u00fchrten Ausstellungsr\u00e4ume befinden sich auf dem Gel\u00e4nde des ehemaligen Ghettos in der Hauptfestung und behandeln dessen Geschichte (die Ausstellungen in der Kleinen Festung sind hier nicht mit aufgelistet).\u00a0<\/em><\/p>\n<hr \/>\n<h2>Das Ghetto-Museum<\/h2>\n<p>Die erste Etage des Ghetto-Museums gibt einen grundlegenden \u00dcberblick \u00fcber die Verh\u00e4ltnisse im Protektorat B\u00f6hmen und M\u00e4hren und besch\u00e4ftigt sich zum Gro\u00dfteil mit dem j\u00fcdischen Ghetto Theresienstadt. Au\u00dferdem ist die Ausstellung \u00fcber die Kinder von Theresienstadt im Erdgeschoss ein au\u00dfergew\u00f6hnliches Zeugnis des Lebens als Jugendliche:r w\u00e4hrend der Shoah.<\/p>\n<hr \/>\n<h2>\u201eKunst im Ghetto\u201c \u2013 Ausstellung in der ehemaligen Magdeburger Kaserne<\/h2>\n<p>Diese Ausstellung beinhaltet eine \u00dcbersicht \u00fcber das reiche kulturelle Wirken vieler Komponist:innen, Schriftsteller:innen, Schauspieler:innen, Maler:innen und Musiker:innen im Ghetto Theresienstadt. Diese versuchten, ihre Situation in ihre Werke einflie\u00dfen zu lassen. Am Anfang der Ausstellung ist der Nachbau einer Unterkunft zu besichtigen.<\/p>\n<p>Im Hof der Magdeburger Kaserne gibt es die bemerkenswerte Ausstellung <em>\u201eWahrheit und L\u00fcge\u201c \u2013 das Filmen im Ghetto Theresienstadt<\/em>. Schwerpunkt dieser Ausstellung sind Dokumentar- und Propagandafilme, die im Ghetto aufgenommen wurden.<\/p>\n<hr \/>\n<p><strong>J\u00fcdische Betstube und Nachbau einer Unterkunft<\/strong><\/p>\n<p>In einem ehemaligen Zivilhaus Theresienstadts sind sowohl eine original erhaltene Betstube aus der Ghettozeit als auch ein anderer Typ der Unterkunftsm\u00f6glichkeiten in ehemaligem Ghetto zu besichtigen.<\/p>\n<hr \/>\n<p><strong>Theresienst\u00e4dter Transporte (vor\u00fcbergehend geschlossen)<br \/>\n<\/strong><\/p>\n<p>Ein kleines H\u00e4uschen in der N\u00e4he des ehemaligen Bahngleises, durch das die Transporte in und aus dem Ghetto str\u00f6mten, bringt den Besucher:innen nicht nur die Organisierung der Transporte n\u00e4her, sondern vermittelt auch die Gef\u00fchle der deportierten Menschen. Bestandteil der Ausstellung ist auch die online zug\u00e4ngliche Datenbank, in der die Besucher:innen nach Namen und weiteren Angaben ehemaliger Ghettoinsas:innen suchen k\u00f6nnen.\u00a0\u00a0 <strong>\u00a0<\/strong><\/p>\n<hr \/>\n<p><strong>Zeremonienr\u00e4ume und zentrale Leichenhalle des Ghettos<\/strong><\/p>\n<p>Die Ausstellung, welche das Thema der letzten Momente im Leben der Ghettoinsass:innen fokussiert, befindet sich in den urspr\u00fcnglichen R\u00e4umen der zentralen Leichenhalle und der Zeremonienr\u00e4ume. Diese liegen am Rande der Stadt im S\u00fcdteil von den Festungsmauern.<\/p>\n<hr \/>\n<p><strong>Krematorium und der J\u00fcdische Friedhof<\/strong><\/p>\n<p>Das Krematorium mit dem anliegenden J\u00fcdischen Friedhof befindet sich au\u00dferhalb der Hauptfestung, etwa einen halben Kilometer vom Gel\u00e4nde des ehemaligen Ghettos entfernt. Im Objekt des Krematoriums sind die \u00d6fen sowie der Seziersaal original erhalten. Zu besichtigen ist hier auch eine Ausstellung mit dem Thema Mortalit\u00e4t und Bestattung im Ghetto.<\/p>\n<hr \/>\n<p>&nbsp;<\/p>\n","protected":false},"excerpt":{"rendered":"<p>Wichtig: Alle aufgef\u00fchrten Ausstellungsr\u00e4ume befinden sich auf dem Gel\u00e4nde des ehemaligen Ghettos in der Hauptfestung und behandeln dessen Geschichte (die Ausstellungen in der Kleinen Festung sind hier nicht mit aufgelistet).\u00a0 Das Ghetto-Museum Die erste Etage des Ghetto-Museums gibt einen grundlegenden &hellip; <a href=\"https:\/\/jugendbegegnung.de\/terezin\/ausstellungen\/\">Weiterlesen <span class=\"meta-nav\">&rarr;<\/span><\/a><\/p>\n","protected":false},"author":1,"featured_media":0,"parent":0,"menu_order":0,"comment_status":"closed","ping_status":"closed","template":"","meta":{"footnotes":""},"class_list":["post-85","page","type-page","status-publish","hentry"],"_links":{"self":[{"href":"https:\/\/jugendbegegnung.de\/terezin\/wp-json\/wp\/v2\/pages\/85","targetHints":{"allow":["GET"]}}],"collection":[{"href":"https:\/\/jugendbegegnung.de\/terezin\/wp-json\/wp\/v2\/pages"}],"about":[{"href":"https:\/\/jugendbegegnung.de\/terezin\/wp-json\/wp\/v2\/types\/page"}],"author":[{"embeddable":true,"href":"https:\/\/jugendbegegnung.de\/terezin\/wp-json\/wp\/v2\/users\/1"}],"replies":[{"embeddable":true,"href":"https:\/\/jugendbegegnung.de\/terezin\/wp-json\/wp\/v2\/comments?post=85"}],"version-history":[{"count":9,"href":"https:\/\/jugendbegegnung.de\/terezin\/wp-json\/wp\/v2\/pages\/85\/revisions"}],"predecessor-version":[{"id":488,"href":"https:\/\/jugendbegegnung.de\/terezin\/wp-json\/wp\/v2\/pages\/85\/revisions\/488"}],"wp:attachment":[{"href":"https:\/\/jugendbegegnung.de\/terezin\/wp-json\/wp\/v2\/media?parent=85"}],"curies":[{"name":"wp","href":"https:\/\/api.w.org\/{rel}","templated":true}]}}