{"id":93,"date":"2015-11-06T17:49:36","date_gmt":"2015-11-06T16:49:36","guid":{"rendered":"http:\/\/jugendbegegnung.de\/dresden\/?page_id=93"},"modified":"2024-11-03T21:54:49","modified_gmt":"2024-11-03T20:54:49","slug":"links","status":"publish","type":"page","link":"https:\/\/jugendbegegnung.de\/dresden\/links\/","title":{"rendered":"Links"},"content":{"rendered":"<h1>Nachschlagewerk<\/h1>\n<h1><a href=\"https:\/\/www.ghetto-theresienstadt.de\/\">Lexikon Ghetto Theresienstadt<\/a><\/h1>\n<h1>F\u00f6rderer und Partner von Terezin<\/h1>\n<p><strong><a href=\"http:\/\/www.pamatnik-terezin.cz\/\">Gedenkst\u00e4tte Terezin<\/a><\/strong><br \/>\n<strong><a href=\"http:\/\/www.asf-ev.de\/\">Aktion S\u00fchnezeichen Friedensdienste<\/a><br \/>\n<a href=\"http:\/\/www.gedenkdienst.at\/\">Projekt Gedenkdienst<\/a><\/strong><br \/>\n<strong><a href=\"http:\/\/www.terezinstudies.cz\/\">Theresienst\u00e4dter Initiative<\/a><\/strong>\u00a0(Opferverband ehem. H\u00e4ftlinge)<br \/>\n<strong><a href=\"http:\/\/www.bterezin.org.il\/\">Beit Terezin<\/a><\/strong>\u00a0(Kibbuz u. Gedenkst\u00e4tte in Israel)<br \/>\n<a href=\"http:\/\/www.foerdervereinterezin.de\/\"><strong>Nieders\u00e4chsischer Verein zur F\u00f6rderung von Theresienstadt\/Terezin e.V.<\/strong><\/a><\/p>\n<h1>Links<\/h1>\n<ul>\n<li><a href=\"http:\/\/www.zukunft-braucht-erinnerung.de\/\">zukunft-braucht-erinnerung.de<\/a><\/li>\n<li><a href=\"http:\/\/www.wiesenthal.com\/\">wiesenthal.com<\/a><\/li>\n<li><a href=\"http:\/\/www.terezinmusic.org\/\">Theresienst\u00e4dter Musik<\/a><\/li>\n<li><a href=\"http:\/\/www.kulturbuero-sachsen.de\/\">Kulturb\u00fcro Sachsen e.V<\/a><\/li>\n<li><a href=\"http:\/\/www.fes.de\/Sachsen\/\">Friedrich-Ebert-Stiftung, Dresden<\/a><\/li>\n<li><a href=\"http:\/\/www.weiterdenken.de\/\">Bildungswerk Weiterdenken in der Heinrich-B\u00f6ll-Stiftung<\/a><\/li>\n<li><a href=\"http:\/\/www.cj-dresden.de\/\">Gesellschaft f\u00fcr Christlich-J\u00fcdische Zusammenarbeit Dresden e.V<\/a><\/li>\n<li><a href=\"http:\/\/www.hatikva.de\/\">HATIKVA e.V.<\/a><\/li>\n<li><a href=\"https:\/\/www.aktion-zivilcourage.de\/\">Aktion Zivilcourage Pirna<\/a><\/li>\n<li><a href=\"http:\/\/www.evjusa.de\/\">Ev. Landesjugendpfarramt Sachsen<\/a><\/li>\n<li><a href=\"http:\/\/www.produktionsschule-moritzburg.de\/\">Produktionsschule Moritzburg<\/a><\/li>\n<li><a href=\"http:\/\/www.tolerantes-sachsen.de\/\">Netzwerk Tolerantes Sachsen<\/a><\/li>\n<\/ul>\n<h1>Downloads<\/h1>\n<ul>\n<li>Protokoll der sog. &#8222;Wannseekonferenz&#8220; \u00fcber die geplante Ermordung der europ\u00e4ischen Juden<br \/>\n<a href=\"https:\/\/jugendbegegnung.de\/media\/Protokoll_der_Wannseekonferenz.pdf\">im PDF-Format<\/a><\/li>\n<li>Theodor Adorno&#8217;s Grundsatztext &#8211; &#8222;Erziehung nach Auschwitz&#8220;<br \/>\n<a href=\"https:\/\/jugendbegegnung.de\/media\/Adorno-Erziehung_nach_Auschwitz.pdf\">im PDF-Format<\/a><\/li>\n<li>&#8222;Erinnern und Verstehen \u2013 Schwerpunkte einer nachhaltigen P\u00e4dagogik nach Auschwitz&#8220; &#8211; Texte einer Tagung der Gesellschaften f\u00fcr Christlich-J\u00fcdische Zusammenarbeit G\u00f6rlitz und Dresden und der Friedrich-Ebert-Stiftung (mit freundlicher Genehmigung durch CJG DD)<br \/>\n<a href=\"https:\/\/jugendbegegnung.de\/media\/Erinnern_und_Verstehen.pdf\">im PDF-Format<\/a><\/li>\n<li>Christina Th\u00fcrmer-Rohr &#8211; &#8222;Die Bedeutung der europ\u00e4ischen NS-Geschichte f\u00fcr die Menschenrechtsarbeit heute&#8220; (Vortrag zum internationalen Kolloquium \u201e13. Februar: Tag der Erinnerung, Tag der Begegnung, Tag der Bildung\u201c, Dresden, 11. \u2013 14. 2. 2005) (mit freundlicher Genehmigung durch das Kulturb\u00fcro Sachsen e.V.)<br \/>\n<a href=\"https:\/\/jugendbegegnung.de\/media\/vortragthuermerrohr.pdf\">im PDF-Format<\/a><\/li>\n<li>Referat von Gottfried K\u00f6\u00dfler &#8211; &#8222;Friedhof oder Lernort &#8211; Chancen und Grenzen der Gedenkst\u00e4ttenp\u00e4dagogik&#8220;<br \/>\n<a href=\"https:\/\/jugendbegegnung.de\/media\/Friedhof.pdf\">im PDF-Format<\/a><\/li>\n<li>Zeitzeugenarbeit mit neuen Medien &#8211; Anregungen und Materialien f\u00fcr politische Bildung und interkulturelles Lernen (mit freundlicher Genehmigung durch die Br\u00fccke-Most-Stiftung Dresden)<br \/>\n<a href=\"https:\/\/jugendbegegnung.de\/media\/Zeitzeugenreader.pdf\">im PDF-Format<\/a><\/li>\n<\/ul>\n","protected":false},"excerpt":{"rendered":"<p>Nachschlagewerk Lexikon Ghetto Theresienstadt F\u00f6rderer und Partner von Terezin Gedenkst\u00e4tte Terezin Aktion S\u00fchnezeichen Friedensdienste Projekt Gedenkdienst Theresienst\u00e4dter Initiative\u00a0(Opferverband ehem. H\u00e4ftlinge) Beit Terezin\u00a0(Kibbuz u. Gedenkst\u00e4tte in Israel) Nieders\u00e4chsischer Verein zur F\u00f6rderung von Theresienstadt\/Terezin e.V. Links zukunft-braucht-erinnerung.de wiesenthal.com Theresienst\u00e4dter Musik Kulturb\u00fcro Sachsen &hellip; <a href=\"https:\/\/jugendbegegnung.de\/dresden\/links\/\">Weiterlesen <span class=\"meta-nav\">&rarr;<\/span><\/a><\/p>\n","protected":false},"author":1,"featured_media":0,"parent":0,"menu_order":0,"comment_status":"closed","ping_status":"closed","template":"","meta":{"footnotes":""},"class_list":["post-93","page","type-page","status-publish","hentry"],"_links":{"self":[{"href":"https:\/\/jugendbegegnung.de\/dresden\/wp-json\/wp\/v2\/pages\/93","targetHints":{"allow":["GET"]}}],"collection":[{"href":"https:\/\/jugendbegegnung.de\/dresden\/wp-json\/wp\/v2\/pages"}],"about":[{"href":"https:\/\/jugendbegegnung.de\/dresden\/wp-json\/wp\/v2\/types\/page"}],"author":[{"embeddable":true,"href":"https:\/\/jugendbegegnung.de\/dresden\/wp-json\/wp\/v2\/users\/1"}],"replies":[{"embeddable":true,"href":"https:\/\/jugendbegegnung.de\/dresden\/wp-json\/wp\/v2\/comments?post=93"}],"version-history":[{"count":7,"href":"https:\/\/jugendbegegnung.de\/dresden\/wp-json\/wp\/v2\/pages\/93\/revisions"}],"predecessor-version":[{"id":363,"href":"https:\/\/jugendbegegnung.de\/dresden\/wp-json\/wp\/v2\/pages\/93\/revisions\/363"}],"wp:attachment":[{"href":"https:\/\/jugendbegegnung.de\/dresden\/wp-json\/wp\/v2\/media?parent=93"}],"curies":[{"name":"wp","href":"https:\/\/api.w.org\/{rel}","templated":true}]}}